{"id":17,"date":"2021-05-06T17:39:32","date_gmt":"2021-05-06T17:39:32","guid":{"rendered":"https:\/\/milei.ufm.edu\/en\/?page_id=17"},"modified":"2024-09-14T02:21:48","modified_gmt":"2024-09-14T02:21:48","slug":"portada","status":"publish","type":"page","link":"https:\/\/milei.ufm.edu\/en\/","title":{"rendered":"Milei Reform Watch 2023-2027"},"content":{"rendered":"\n\n\t\t\t<a href=\"\/en\/about\" target=\"_self\" rel=\"noopener\">\n\t\t\t\t\t\t\tABOUT MILEI<br \/>REFORM WATCH\n\t\t\t<\/a>\n<h4>\n\t\tQuick links\n\t<\/h4>\n<h1>\n\t\tMilei Reform Watch\n\t<\/h1>\n<h3>\n\t\tCommentary\n\t<\/h3>\n<h3>\n\t\tPapers\n\t<\/h3>\n<h2>\n\t\tUpcoming events\n\t<\/h2>\n\t<iframe width=\"560\" height=\"315\" src=\"https:\/\/www.youtube.com\/embed\/46ywvCrJb7k?si=GshAgPazWKSIzcUD\" title=\"YouTube video player\" frameborder=\"0\" allow=\"accelerometer; autoplay; clipboard-write; encrypted-media; gyroscope; picture-in-picture; web-share\" allowfullscreen><\/iframe>\n<h2>\n\t\tConferences, talks, discussions and much more\n\t<\/h2>\n\t<p>All <strong>interviews, conferences and other videos<\/strong> from <em>Milei Reform Watch<\/em> add up to many hours of knowledge and educational entertainment.<\/p>\n\t\t\t<a href=\"https:\/\/milei.ufm.edu\/en\/video\/\" target=\"_self\" rel=\"noopener\">\n\t\t\t\t\t\tView all our videos\n\t\t\t\t\t<\/a>\n\n","protected":false},"excerpt":{"rendered":"<p>&hellip;<\/p>\n","protected":false},"author":1,"featured_media":0,"parent":0,"menu_order":0,"comment_status":"closed","ping_status":"closed","template":"","meta":{"footnotes":""},"class_list":["post-17","page","type-page","status-publish","hentry"],"yoast_head":"<!-- This site is optimized with the Yoast SEO plugin v22.1 - https:\/\/yoast.com\/wordpress\/plugins\/seo\/ -->\n<title>Milei Reform Watch 2023-2027 | UFM Reform Watch<\/title>\n<meta name=\"description\" content=\"UFM Reform Watch closely follows public policy reform of the world\u00b4s most renowned reformers, offers guidance and holds politicians accountable.\" \/>\n<meta name=\"robots\" content=\"index, follow, max-snippet:-1, max-image-preview:large, max-video-preview:-1\" \/>\n<link rel=\"canonical\" href=\"https:\/\/milei.ufm.edu\/en\/\" \/>\n<meta property=\"og:locale\" content=\"en_US\" \/>\n<meta property=\"og:type\" content=\"article\" \/>\n<meta property=\"og:title\" content=\"Milei Reform Watch 2023-2027 | UFM Reform Watch\" \/>\n<meta property=\"og:description\" content=\"CADEP es el n\u00facleo de investigaci\u00f3n del Instituto de Estudios Pol\u00edticos y Relaciones Internacionales (EPRI) de la Universidad Francisco Marroqu\u00edn.\" \/>\n<meta property=\"og:url\" content=\"https:\/\/milei.ufm.edu\/en\/\" \/>\n<meta property=\"og:site_name\" content=\"UFM Reform Watch\" \/>\n<meta property=\"article:modified_time\" content=\"2024-09-14T02:21:48+00:00\" \/>\n<meta property=\"og:image\" content=\"https:\/\/milei.ufm.edu\/en\/wp-content\/uploads\/2024\/05\/Redes-sociales-Reform-Watch-rojo-01.png\" \/>\n\t<meta property=\"og:image:width\" content=\"200\" \/>\n\t<meta property=\"og:image:height\" content=\"200\" \/>\n\t<meta property=\"og:image:type\" content=\"image\/png\" \/>\n<meta name=\"twitter:card\" content=\"summary_large_image\" \/>\n<meta name=\"twitter:description\" content=\"CADEP es el n\u00facleo de investigaci\u00f3n del Instituto de Estudios Pol\u00edticos y Relaciones Internacionales (EPRI) de la Universidad Francisco Marroqu\u00edn.\" \/>\n<meta name=\"twitter:image\" content=\"https:\/\/milei.ufm.edu\/en\/wp-content\/uploads\/2021\/08\/0_03-Azul-redes-sociales-Centro-Analisis-de-las-Decisiones-Publicas.png\" \/>\n<meta name=\"twitter:label1\" content=\"Est. reading time\" \/>\n\t<meta name=\"twitter:data1\" content=\"2 minutes\" \/>\n<script type=\"application\/ld+json\" class=\"yoast-schema-graph\">{\"@context\":\"https:\/\/schema.org\",\"@graph\":[{\"@type\":\"WebPage\",\"@id\":\"https:\/\/milei.ufm.edu\/en\/\",\"url\":\"https:\/\/milei.ufm.edu\/en\/\",\"name\":\"Milei Reform Watch 2023-2027 | UFM Reform Watch\",\"isPartOf\":{\"@id\":\"https:\/\/milei.ufm.edu\/en\/#website\"},\"datePublished\":\"2021-05-06T17:39:32+00:00\",\"dateModified\":\"2024-09-14T02:21:48+00:00\",\"description\":\"UFM Reform Watch closely follows public policy reform of the world\u00b4s most renowned reformers, offers guidance and holds politicians accountable.\",\"breadcrumb\":{\"@id\":\"https:\/\/milei.ufm.edu\/en\/#breadcrumb\"},\"inLanguage\":\"en-US\",\"potentialAction\":[{\"@type\":\"ReadAction\",\"target\":[\"https:\/\/milei.ufm.edu\/en\/\"]}]},{\"@type\":\"BreadcrumbList\",\"@id\":\"https:\/\/milei.ufm.edu\/en\/#breadcrumb\",\"itemListElement\":[{\"@type\":\"ListItem\",\"position\":1,\"name\":\"Portada\",\"item\":\"https:\/\/milei.ufm.edu\/en\/\"},{\"@type\":\"ListItem\",\"position\":2,\"name\":\"Milei Reform Watch 2023-2027\"}]},{\"@type\":\"WebSite\",\"@id\":\"https:\/\/milei.ufm.edu\/en\/#website\",\"url\":\"https:\/\/milei.ufm.edu\/en\/\",\"name\":\"UFM Reform Watch\",\"description\":\"UFM Reform Watch: Milei 2023-2027\",\"potentialAction\":[{\"@type\":\"SearchAction\",\"target\":{\"@type\":\"EntryPoint\",\"urlTemplate\":\"https:\/\/milei.ufm.edu\/en\/?s={search_term_string}\"},\"query-input\":\"required name=search_term_string\"}],\"inLanguage\":\"en-US\"}]}<\/script>\n<!-- \/ Yoast SEO plugin. -->","yoast_head_json":{"title":"Milei Reform Watch 2023-2027 | UFM Reform Watch","description":"UFM Reform Watch closely follows public policy reform of the world\u00b4s most renowned reformers, offers guidance and holds politicians accountable.","robots":{"index":"index","follow":"follow","max-snippet":"max-snippet:-1","max-image-preview":"max-image-preview:large","max-video-preview":"max-video-preview:-1"},"canonical":"https:\/\/milei.ufm.edu\/en\/","og_locale":"en_US","og_type":"article","og_title":"Milei Reform Watch 2023-2027 | UFM Reform Watch","og_description":"CADEP es el n\u00facleo de investigaci\u00f3n del Instituto de Estudios Pol\u00edticos y Relaciones Internacionales (EPRI) de la Universidad Francisco Marroqu\u00edn.","og_url":"https:\/\/milei.ufm.edu\/en\/","og_site_name":"UFM Reform Watch","article_modified_time":"2024-09-14T02:21:48+00:00","og_image":[{"width":200,"height":200,"url":"https:\/\/milei.ufm.edu\/en\/wp-content\/uploads\/2024\/05\/Redes-sociales-Reform-Watch-rojo-01.png","type":"image\/png"}],"twitter_card":"summary_large_image","twitter_description":"CADEP es el n\u00facleo de investigaci\u00f3n del Instituto de Estudios Pol\u00edticos y Relaciones Internacionales (EPRI) de la Universidad Francisco Marroqu\u00edn.","twitter_image":"https:\/\/milei.ufm.edu\/en\/wp-content\/uploads\/2021\/08\/0_03-Azul-redes-sociales-Centro-Analisis-de-las-Decisiones-Publicas.png","twitter_misc":{"Est. reading time":"2 minutes"},"schema":{"@context":"https:\/\/schema.org","@graph":[{"@type":"WebPage","@id":"https:\/\/milei.ufm.edu\/en\/","url":"https:\/\/milei.ufm.edu\/en\/","name":"Milei Reform Watch 2023-2027 | UFM Reform Watch","isPartOf":{"@id":"https:\/\/milei.ufm.edu\/en\/#website"},"datePublished":"2021-05-06T17:39:32+00:00","dateModified":"2024-09-14T02:21:48+00:00","description":"UFM Reform Watch closely follows public policy reform of the world\u00b4s most renowned reformers, offers guidance and holds politicians accountable.","breadcrumb":{"@id":"https:\/\/milei.ufm.edu\/en\/#breadcrumb"},"inLanguage":"en-US","potentialAction":[{"@type":"ReadAction","target":["https:\/\/milei.ufm.edu\/en\/"]}]},{"@type":"BreadcrumbList","@id":"https:\/\/milei.ufm.edu\/en\/#breadcrumb","itemListElement":[{"@type":"ListItem","position":1,"name":"Portada","item":"https:\/\/milei.ufm.edu\/en\/"},{"@type":"ListItem","position":2,"name":"Milei Reform Watch 2023-2027"}]},{"@type":"WebSite","@id":"https:\/\/milei.ufm.edu\/en\/#website","url":"https:\/\/milei.ufm.edu\/en\/","name":"UFM Reform Watch","description":"UFM Reform Watch: Milei 2023-2027","potentialAction":[{"@type":"SearchAction","target":{"@type":"EntryPoint","urlTemplate":"https:\/\/milei.ufm.edu\/en\/?s={search_term_string}"},"query-input":"required name=search_term_string"}],"inLanguage":"en-US"}]}},"meta_box":[],"_links":{"self":[{"href":"https:\/\/milei.ufm.edu\/en\/wp-json\/wp\/v2\/pages\/17","targetHints":{"allow":["GET"]}}],"collection":[{"href":"https:\/\/milei.ufm.edu\/en\/wp-json\/wp\/v2\/pages"}],"about":[{"href":"https:\/\/milei.ufm.edu\/en\/wp-json\/wp\/v2\/types\/page"}],"author":[{"embeddable":true,"href":"https:\/\/milei.ufm.edu\/en\/wp-json\/wp\/v2\/users\/1"}],"replies":[{"embeddable":true,"href":"https:\/\/milei.ufm.edu\/en\/wp-json\/wp\/v2\/comments?post=17"}],"version-history":[{"count":454,"href":"https:\/\/milei.ufm.edu\/en\/wp-json\/wp\/v2\/pages\/17\/revisions"}],"predecessor-version":[{"id":8237,"href":"https:\/\/milei.ufm.edu\/en\/wp-json\/wp\/v2\/pages\/17\/revisions\/8237"}],"wp:attachment":[{"href":"https:\/\/milei.ufm.edu\/en\/wp-json\/wp\/v2\/media?parent=17"}],"curies":[{"name":"wp","href":"https:\/\/api.w.org\/{rel}","templated":true}]}}