{"id":7806,"date":"2024-03-02T20:07:11","date_gmt":"2024-03-02T20:07:11","guid":{"rendered":"https:\/\/milei.ufm.edu\/es\/?page_id=7806"},"modified":"2024-03-19T16:43:19","modified_gmt":"2024-03-19T16:43:19","slug":"nosotros","status":"publish","type":"page","link":"https:\/\/milei.ufm.edu\/es\/nosotros\/","title":{"rendered":"Sobre nosotros"},"content":{"rendered":"\n<h2>\n\t\tSobre UFM Reform Watch\n\t<\/h2>\n\t<p><strong>UFM Reform Watch<\/strong> se cre\u00f3 en enero de 2024 con el prop\u00f3sito de dar seguimiento a las reformas y terapias de <em>shock<\/em> implementadas por reformadores en todo el mundo. Creemos que es valioso estudiar, analizar y destacar los m\u00e9todos y contenidos de las reformas de libre mercado para inspirar reformas similares en otros pa\u00edses. El primer proyecto de UFM Reform Watch consiste en monitorear los avances de las reformas liberales del presidente Javier Milei en Argentina.<\/p>\n<h2>\n\t\tBoard\n\t<\/h2>\n\t\t\t\t<img decoding=\"async\" src=\"https:\/\/milei.ufm.edu\/es\/wp-content\/uploads\/bb-plugin\/cache\/KW62mt9s_400x400-circle-eed39138c270a6d4787bf548b197ba93-.jpg\" alt=\"KW62mt9s_400x400\" itemprop=\"image\" height=\"400\" width=\"400\" title=\"KW62mt9s_400x400\" onerror=\"this.style.display='none'\"  \/>\n<h3>Olav A. Dirkmaat<\/h3><p><i>Project Director<\/i><\/p>\n\t<p>Actualmente director del Centro para el An\u00e1lisis de las Decisiones P\u00fablicas (CADEP) de la UFM. Doctor en Econom\u00eda por la Universidad Rey Juan Carlos, disc\u00edpulo del profesor Jes\u00fas Huerta de Soto.<\/p>\n\t\t\t\t<img decoding=\"async\" src=\"https:\/\/milei.ufm.edu\/es\/wp-content\/uploads\/bb-plugin\/cache\/d-fernandez-875x1024-circle-5506760ce531d3f516b70e94aaa360ed-.jpg\" alt=\"d-fernandez\" itemprop=\"image\" title=\"d-fernandez\" onerror=\"this.style.display='none'\"  \/>\n<h3>Daniel Fern\u00e1ndez M\u00e9ndez<\/h3><p><em>Data Director<\/em><\/p>\n\t<p>Actualmente director de UFM Market Trends. Doctor en Econom\u00eda por la Universidad Rey Juan Carlos, disc\u00edpulo del profesor Jes\u00fas Huerta de Soto.<\/p>\n\t\t\t\t<img decoding=\"async\" src=\"https:\/\/milei.ufm.edu\/es\/wp-content\/uploads\/bb-plugin\/cache\/Ricardo-Rojas-circle-36771c45040c0e5810646d64e8bcb820-.jpg\" alt=\"Ricardo-Rojas\" itemprop=\"image\" title=\"Ricardo-Rojas\" onerror=\"this.style.display='none'\"  \/>\n<h3>Ricardo Rojas<\/h3><p><em>Academic Director<\/em><\/p>\n\t<p>Actualmente director del Centro Bruno Leoni de la UFM. Autor de innumerables libros, entre ellos el ya famoso libro <em>La inflaci\u00f3n como delito<\/em>, frecuentemente citado por Milei. Doctor en Historia Econ\u00f3mica. Ex magistrado de c\u00e1mara en lo criminal de Argentina.<\/p>\n<h2>\n\t\tFellows\n\t<\/h2>\n\t\t\t\t<img decoding=\"async\" src=\"https:\/\/milei.ufm.edu\/es\/wp-content\/uploads\/bb-plugin\/cache\/aVWdIBba_400x400-circle-533b5e5b6e102cabefaa9cb596e33113-.jpg\" alt=\"aVWdIBba_400x400\" itemprop=\"image\" height=\"400\" width=\"400\" title=\"aVWdIBba_400x400\" onerror=\"this.style.display='none'\"  \/>\n<h3>Adri\u00e1n Ravier<\/h3><p><em>UNLPam, UCEMA<\/em><\/p>\n\t\t\t\t<img decoding=\"async\" src=\"https:\/\/milei.ufm.edu\/es\/wp-content\/uploads\/bb-plugin\/cache\/00_Conferencistas2-2023_Juan-Sebastian-Landoni-circle-b10a47659a74ee9a51409695b4ca8ff1-.png\" alt=\"00_Conferencistas2-2023_Juan-Sebastian-Landoni\" itemprop=\"image\" height=\"400\" width=\"400\" title=\"00_Conferencistas2-2023_Juan-Sebastian-Landoni\" onerror=\"this.style.display='none'\"  \/>\n<h3>Juan Sebasti\u00e1n Landoni<\/h3><p><em>Universidad de las Hesp\u00e9rides<\/em><\/p>\n\t\t\t\t<img decoding=\"async\" src=\"https:\/\/milei.ufm.edu\/es\/wp-content\/uploads\/bb-plugin\/cache\/Florencia-Roca_bxwner-circle-circle-a65092b5e411c81b4272d6f8c252b02a-.jpg\" alt=\"Florencia-Roca_bxwner-circle\" itemprop=\"image\" height=\"480\" width=\"480\" title=\"Florencia-Roca_bxwner-circle\" onerror=\"this.style.display='none'\"  \/>\n<h3>Florencia Roca<\/h3><p><em>Universidad Francisco Marroqu\u00edn<\/em><\/p>\n\t\t\t\t<img decoding=\"async\" src=\"https:\/\/milei.ufm.edu\/es\/wp-content\/uploads\/bb-plugin\/cache\/00_Conferencistas2-JesusMaria-circle-38feb2d72ce8da610313f0fef034d43b-.png\" alt=\"00_Conferencistas2-JesusMaria\" itemprop=\"image\" title=\"00_Conferencistas2-JesusMaria\" onerror=\"this.style.display='none'\"  \/>\n<h3>Jes\u00fas Mar\u00eda Alvarado Andrade<\/h3><p><em>Universidad Francisco Marroqu\u00edn<\/em><\/p>\n<h2>\n\t\tSobre Universidad Francisco Marroqu\u00edn (UFM)\n\t<\/h2>\n\t<p>Lo que destaca en la UFM es que todos sus estudiantes se familiarizan con las ideas de economistas como Ludwig von Mises, Henry Hazlitt, F. A. Hayek, Adam Smith o Carl Menger, entre otros. Estos grandes pensadores respaldan el libre mercado, pretenden limitar la intervenci\u00f3n del Gobierno y creen en el orden espont\u00e1neo. La econom\u00eda cl\u00e1sica, explicada por estos economistas, constituye una fuerza intelectual muy relevante en el mundo actual.<\/p>\n<p><a href=\"https:\/\/www.ufm.edu\/cincuenta\/historia\/\"><strong>Leer m\u00e1s sobre la Universidad Francisco Marroqu\u00edn \u00bb<\/strong><\/a><\/p>\n<p><em><i>\u00abLa Universidad Francisco Marroqu\u00edn es un ejemplo maravilloso y poco com\u00fan. En pocos a\u00f1os se ha colocado entre las universidades l\u00edderes en Am\u00e9rica Latina, con una influencia muy importante en la regi\u00f3n. No conozco otra historia de \u00e9xito.\u00bb<\/i><\/em><strong>\u00a0 &#8211;Milton Friedman.<\/strong><\/p>\n\n","protected":false},"excerpt":{"rendered":"<p>&hellip;<\/p>\n","protected":false},"author":2,"featured_media":0,"parent":0,"menu_order":0,"comment_status":"closed","ping_status":"closed","template":"","meta":{"footnotes":""},"class_list":["post-7806","page","type-page","status-publish","hentry"],"yoast_head":"<!-- This site is optimized with the Yoast SEO plugin v22.1 - https:\/\/yoast.com\/wordpress\/plugins\/seo\/ -->\n<title>Sobre nosotros | UFM Reform Watch<\/title>\n<meta name=\"robots\" content=\"index, follow, max-snippet:-1, max-image-preview:large, max-video-preview:-1\" \/>\n<link rel=\"canonical\" href=\"https:\/\/milei.ufm.edu\/es\/nosotros\/\" \/>\n<meta property=\"og:locale\" content=\"es_ES\" \/>\n<meta property=\"og:type\" content=\"article\" \/>\n<meta property=\"og:title\" content=\"Sobre nosotros | UFM Reform Watch\" \/>\n<meta property=\"og:description\" content=\"&hellip;\" \/>\n<meta property=\"og:url\" content=\"https:\/\/milei.ufm.edu\/es\/nosotros\/\" \/>\n<meta property=\"og:site_name\" content=\"UFM Reform Watch\" \/>\n<meta property=\"article:modified_time\" content=\"2024-03-19T16:43:19+00:00\" \/>\n<meta property=\"og:image\" content=\"https:\/\/milei.ufm.edu\/es\/wp-content\/uploads\/bb-plugin\/cache\/KW62mt9s_400x400-circle-eed39138c270a6d4787bf548b197ba93-.jpg\" \/>\n<meta name=\"twitter:card\" content=\"summary_large_image\" \/>\n<meta name=\"twitter:label1\" content=\"Tiempo de lectura\" \/>\n\t<meta name=\"twitter:data1\" content=\"3 minutos\" \/>\n<script type=\"application\/ld+json\" class=\"yoast-schema-graph\">{\"@context\":\"https:\/\/schema.org\",\"@graph\":[{\"@type\":\"WebPage\",\"@id\":\"https:\/\/milei.ufm.edu\/es\/nosotros\/\",\"url\":\"https:\/\/milei.ufm.edu\/es\/nosotros\/\",\"name\":\"Sobre nosotros | UFM Reform Watch\",\"isPartOf\":{\"@id\":\"https:\/\/milei.ufm.edu\/es\/#website\"},\"datePublished\":\"2024-03-02T20:07:11+00:00\",\"dateModified\":\"2024-03-19T16:43:19+00:00\",\"breadcrumb\":{\"@id\":\"https:\/\/milei.ufm.edu\/es\/nosotros\/#breadcrumb\"},\"inLanguage\":\"es\",\"potentialAction\":[{\"@type\":\"ReadAction\",\"target\":[\"https:\/\/milei.ufm.edu\/es\/nosotros\/\"]}]},{\"@type\":\"BreadcrumbList\",\"@id\":\"https:\/\/milei.ufm.edu\/es\/nosotros\/#breadcrumb\",\"itemListElement\":[{\"@type\":\"ListItem\",\"position\":1,\"name\":\"Portada\",\"item\":\"https:\/\/milei.ufm.edu\/es\/\"},{\"@type\":\"ListItem\",\"position\":2,\"name\":\"Sobre nosotros\"}]},{\"@type\":\"WebSite\",\"@id\":\"https:\/\/milei.ufm.edu\/es\/#website\",\"url\":\"https:\/\/milei.ufm.edu\/es\/\",\"name\":\"UFM Reform Watch\",\"description\":\"UFM Reform Watch de Milei 2023-2027\",\"potentialAction\":[{\"@type\":\"SearchAction\",\"target\":{\"@type\":\"EntryPoint\",\"urlTemplate\":\"https:\/\/milei.ufm.edu\/es\/?s={search_term_string}\"},\"query-input\":\"required name=search_term_string\"}],\"inLanguage\":\"es\"}]}<\/script>\n<!-- \/ Yoast SEO plugin. -->","yoast_head_json":{"title":"Sobre nosotros | UFM Reform Watch","robots":{"index":"index","follow":"follow","max-snippet":"max-snippet:-1","max-image-preview":"max-image-preview:large","max-video-preview":"max-video-preview:-1"},"canonical":"https:\/\/milei.ufm.edu\/es\/nosotros\/","og_locale":"es_ES","og_type":"article","og_title":"Sobre nosotros | UFM Reform Watch","og_description":"&hellip;","og_url":"https:\/\/milei.ufm.edu\/es\/nosotros\/","og_site_name":"UFM Reform Watch","article_modified_time":"2024-03-19T16:43:19+00:00","og_image":[{"url":"https:\/\/milei.ufm.edu\/es\/wp-content\/uploads\/bb-plugin\/cache\/KW62mt9s_400x400-circle-eed39138c270a6d4787bf548b197ba93-.jpg"}],"twitter_card":"summary_large_image","twitter_misc":{"Tiempo de lectura":"3 minutos"},"schema":{"@context":"https:\/\/schema.org","@graph":[{"@type":"WebPage","@id":"https:\/\/milei.ufm.edu\/es\/nosotros\/","url":"https:\/\/milei.ufm.edu\/es\/nosotros\/","name":"Sobre nosotros | UFM Reform Watch","isPartOf":{"@id":"https:\/\/milei.ufm.edu\/es\/#website"},"datePublished":"2024-03-02T20:07:11+00:00","dateModified":"2024-03-19T16:43:19+00:00","breadcrumb":{"@id":"https:\/\/milei.ufm.edu\/es\/nosotros\/#breadcrumb"},"inLanguage":"es","potentialAction":[{"@type":"ReadAction","target":["https:\/\/milei.ufm.edu\/es\/nosotros\/"]}]},{"@type":"BreadcrumbList","@id":"https:\/\/milei.ufm.edu\/es\/nosotros\/#breadcrumb","itemListElement":[{"@type":"ListItem","position":1,"name":"Portada","item":"https:\/\/milei.ufm.edu\/es\/"},{"@type":"ListItem","position":2,"name":"Sobre nosotros"}]},{"@type":"WebSite","@id":"https:\/\/milei.ufm.edu\/es\/#website","url":"https:\/\/milei.ufm.edu\/es\/","name":"UFM Reform Watch","description":"UFM Reform Watch de Milei 2023-2027","potentialAction":[{"@type":"SearchAction","target":{"@type":"EntryPoint","urlTemplate":"https:\/\/milei.ufm.edu\/es\/?s={search_term_string}"},"query-input":"required name=search_term_string"}],"inLanguage":"es"}]}},"meta_box":[],"_links":{"self":[{"href":"https:\/\/milei.ufm.edu\/es\/wp-json\/wp\/v2\/pages\/7806","targetHints":{"allow":["GET"]}}],"collection":[{"href":"https:\/\/milei.ufm.edu\/es\/wp-json\/wp\/v2\/pages"}],"about":[{"href":"https:\/\/milei.ufm.edu\/es\/wp-json\/wp\/v2\/types\/page"}],"author":[{"embeddable":true,"href":"https:\/\/milei.ufm.edu\/es\/wp-json\/wp\/v2\/users\/2"}],"replies":[{"embeddable":true,"href":"https:\/\/milei.ufm.edu\/es\/wp-json\/wp\/v2\/comments?post=7806"}],"version-history":[{"count":12,"href":"https:\/\/milei.ufm.edu\/es\/wp-json\/wp\/v2\/pages\/7806\/revisions"}],"predecessor-version":[{"id":8140,"href":"https:\/\/milei.ufm.edu\/es\/wp-json\/wp\/v2\/pages\/7806\/revisions\/8140"}],"wp:attachment":[{"href":"https:\/\/milei.ufm.edu\/es\/wp-json\/wp\/v2\/media?parent=7806"}],"curies":[{"name":"wp","href":"https:\/\/api.w.org\/{rel}","templated":true}]}}