{"id":7884,"date":"2024-03-04T00:55:10","date_gmt":"2024-03-04T00:55:10","guid":{"rendered":"https:\/\/milei.ufm.edu\/es\/?page_id=7884"},"modified":"2024-03-15T05:26:36","modified_gmt":"2024-03-15T05:26:36","slug":"contribuir","status":"publish","type":"page","link":"https:\/\/milei.ufm.edu\/es\/contribuir\/","title":{"rendered":"Contribuir"},"content":{"rendered":"\n\n\t<h1>Donantes<\/h1>\n<h3>Financiaci\u00f3n<\/h3>\n<p>UFM Reform Watch es financiado al 100% por donaciones privadas y voluntarias de contribuyentes generosos.<\/p>\n<h3>\u00bfDeseas hacer una donaci\u00f3n?<\/h3>\n<p>Estamos encantados de recibir cualquier donaci\u00f3n, grande o peque\u00f1a, para UFM Reform Watch. Las deducciones fiscales est\u00e1n disponibles para donantes basados en EE. UU. a trav\u00e9s de Friends of UFM, Inc.<\/p>\n<p>Por favor, cont\u00e1ctenos por correo electr\u00f3nico <strong><a href=\"mailto:reformwatch@ufm.edu\">reformwatch@ufm.edu<\/a><\/strong> o al director del proyecto <a href=\"mailto:olav@ufm.edu\"><strong>olav@ufm.edu<\/strong><\/a> o consulte <strong><a href=\"https:\/\/donaciones.ufm.edu\">UFM Donaciones<\/a><\/strong> para m\u00e1s informaci\u00f3n.<\/p>\n<h3>Acerca de UFM Reform Watch<\/h3>\n<p>UFM Reform Watch es una respuesta al amplio inter\u00e9s que el programa de reformas libertarias del presidente Javier Milei ha generado en toda Am\u00e9rica Latina y las oportunidades que este nivel de inter\u00e9s presenta.<\/p>\n<p>Javier Milei est\u00e1 proponiendo reformas radicales con el objetivo de volver a colocar a los argentinos en el camino hacia la prosperidad. Proponemos documentar, analizar y estudiar las reformas propuestas por Milei en t\u00e9rminos de contenido, los procesos pol\u00edticos involucrados, y el impacto de la reforma.<\/p>\n<p>El gran objetivo es alentar a Argentina y otros pa\u00edses a adoptar pol\u00edticas de libre mercado que los coloquen firmemente en el camino hacia la prosperidad y dejar un plano de \u00abqu\u00e9 hacer y qu\u00e9 no hacer\u00bb sobre c\u00f3mo lograr tal cambio pol\u00edticamente. Un enfoque igualmente importante de este proyecto es proteger los principios subyacentes del libre mercado de ser desacreditados en caso de que Milei no tenga \u00e9xito.<\/p>\n<p>UFM Reform Watch define, documenta y mide el impacto de los elementos espec\u00edficos de las reformas de Milei (implementadas o rechazadas). Daremos seguimiento a las reformas a trav\u00e9s de tres perspectivas:<\/p>\n<ul>\n<li>Contexto legal y sus facetas<\/li>\n<li>Contexto pol\u00edtico, desaf\u00edos y soluciones<\/li>\n<li>Impacto econ\u00f3mico<\/li>\n<\/ul>\n\t<p>Voluntarios &amp; Fellows<\/p>\n<h3>Fellows (Scholars)<\/h3>\n<p>Siempre estamos buscando escolares brillantes (preferiblemente con afiliaci\u00f3n acad\u00e9mica) para involucrarse en UFM Reform Watch. Esta participaci\u00f3n podr\u00eda consistir en (a) investigaci\u00f3n acad\u00e9mica, (b) escribir art\u00edculos cortos, (c) organizaci\u00f3n de cap\u00edtulos\/eventos locales, y (d) otras v\u00edas de colaboraci\u00f3n. Por favor, cont\u00e1ctenos por correo electr\u00f3nico <strong><a href=\"mailto:reformwatch@ufm.edu\">reformwatch@ufm.edu<\/a><\/strong> si est\u00e1 interesado\/a en colaborar con UFM Reform Watch.<\/p>\n<h3>Voluntariado<\/h3>\n<p>UFM Reform Watch siempre est\u00e1 en busca de voluntarios que comparten nuestra misi\u00f3n por un mundo libre. Si deseas ayudar con nuestras actividades (eventos, publicaciones, redes sociales, etc.) donando su tiempo, por favor cont\u00e1ctenos por correo electr\u00f3nico <strong><a href=\"mailto:reformwatch@ufm.edu\">reformwatch@ufm.edu<\/a><\/strong>, indicando su historial personal, conjunto de habilidades y c\u00f3mo considera contribuir a nuestros esfuerzos.<\/p>\n<p><img decoding=\"async\" title=\"Plaza-de-la-Libertad-2-1024x680\" src=\"https:\/\/milei.ufm.edu\/en\/wp-content\/uploads\/2024\/03\/Plaza-de-la-Libertad-2-1024x680-1.jpg\" alt=\"Plaza-de-la-Libertad-2-1024x680\" width=\"1024\" height=\"680\" \/><\/p>\n\n","protected":false},"excerpt":{"rendered":"<p>&hellip;<\/p>\n","protected":false},"author":2,"featured_media":0,"parent":0,"menu_order":0,"comment_status":"closed","ping_status":"closed","template":"","meta":{"footnotes":""},"class_list":["post-7884","page","type-page","status-publish","hentry"],"yoast_head":"<!-- This site is optimized with the Yoast SEO plugin v22.1 - https:\/\/yoast.com\/wordpress\/plugins\/seo\/ -->\n<title>Contribuir | UFM Reform Watch<\/title>\n<meta name=\"robots\" content=\"index, follow, max-snippet:-1, max-image-preview:large, max-video-preview:-1\" \/>\n<link rel=\"canonical\" href=\"https:\/\/milei.ufm.edu\/es\/contribuir\/\" \/>\n<meta property=\"og:locale\" content=\"es_ES\" \/>\n<meta property=\"og:type\" content=\"article\" \/>\n<meta property=\"og:title\" content=\"Contribuir | UFM Reform Watch\" \/>\n<meta property=\"og:description\" content=\"&hellip;\" \/>\n<meta property=\"og:url\" content=\"https:\/\/milei.ufm.edu\/es\/contribuir\/\" \/>\n<meta property=\"og:site_name\" content=\"UFM Reform Watch\" \/>\n<meta property=\"article:modified_time\" content=\"2024-03-15T05:26:36+00:00\" \/>\n<meta property=\"og:image\" content=\"https:\/\/milei.ufm.edu\/en\/wp-content\/uploads\/2024\/03\/Plaza-de-la-Libertad-2-1024x680-1.jpg\" \/>\n<meta name=\"twitter:card\" content=\"summary_large_image\" \/>\n<script type=\"application\/ld+json\" class=\"yoast-schema-graph\">{\"@context\":\"https:\/\/schema.org\",\"@graph\":[{\"@type\":\"WebPage\",\"@id\":\"https:\/\/milei.ufm.edu\/es\/contribuir\/\",\"url\":\"https:\/\/milei.ufm.edu\/es\/contribuir\/\",\"name\":\"Contribuir | UFM Reform Watch\",\"isPartOf\":{\"@id\":\"https:\/\/milei.ufm.edu\/es\/#website\"},\"datePublished\":\"2024-03-04T00:55:10+00:00\",\"dateModified\":\"2024-03-15T05:26:36+00:00\",\"breadcrumb\":{\"@id\":\"https:\/\/milei.ufm.edu\/es\/contribuir\/#breadcrumb\"},\"inLanguage\":\"es\",\"potentialAction\":[{\"@type\":\"ReadAction\",\"target\":[\"https:\/\/milei.ufm.edu\/es\/contribuir\/\"]}]},{\"@type\":\"BreadcrumbList\",\"@id\":\"https:\/\/milei.ufm.edu\/es\/contribuir\/#breadcrumb\",\"itemListElement\":[{\"@type\":\"ListItem\",\"position\":1,\"name\":\"Portada\",\"item\":\"https:\/\/milei.ufm.edu\/es\/\"},{\"@type\":\"ListItem\",\"position\":2,\"name\":\"Contribuir\"}]},{\"@type\":\"WebSite\",\"@id\":\"https:\/\/milei.ufm.edu\/es\/#website\",\"url\":\"https:\/\/milei.ufm.edu\/es\/\",\"name\":\"UFM Reform Watch\",\"description\":\"UFM Reform Watch de Milei 2023-2027\",\"potentialAction\":[{\"@type\":\"SearchAction\",\"target\":{\"@type\":\"EntryPoint\",\"urlTemplate\":\"https:\/\/milei.ufm.edu\/es\/?s={search_term_string}\"},\"query-input\":\"required name=search_term_string\"}],\"inLanguage\":\"es\"}]}<\/script>\n<!-- \/ Yoast SEO plugin. -->","yoast_head_json":{"title":"Contribuir | UFM Reform Watch","robots":{"index":"index","follow":"follow","max-snippet":"max-snippet:-1","max-image-preview":"max-image-preview:large","max-video-preview":"max-video-preview:-1"},"canonical":"https:\/\/milei.ufm.edu\/es\/contribuir\/","og_locale":"es_ES","og_type":"article","og_title":"Contribuir | UFM Reform Watch","og_description":"&hellip;","og_url":"https:\/\/milei.ufm.edu\/es\/contribuir\/","og_site_name":"UFM Reform Watch","article_modified_time":"2024-03-15T05:26:36+00:00","og_image":[{"url":"https:\/\/milei.ufm.edu\/en\/wp-content\/uploads\/2024\/03\/Plaza-de-la-Libertad-2-1024x680-1.jpg"}],"twitter_card":"summary_large_image","schema":{"@context":"https:\/\/schema.org","@graph":[{"@type":"WebPage","@id":"https:\/\/milei.ufm.edu\/es\/contribuir\/","url":"https:\/\/milei.ufm.edu\/es\/contribuir\/","name":"Contribuir | UFM Reform Watch","isPartOf":{"@id":"https:\/\/milei.ufm.edu\/es\/#website"},"datePublished":"2024-03-04T00:55:10+00:00","dateModified":"2024-03-15T05:26:36+00:00","breadcrumb":{"@id":"https:\/\/milei.ufm.edu\/es\/contribuir\/#breadcrumb"},"inLanguage":"es","potentialAction":[{"@type":"ReadAction","target":["https:\/\/milei.ufm.edu\/es\/contribuir\/"]}]},{"@type":"BreadcrumbList","@id":"https:\/\/milei.ufm.edu\/es\/contribuir\/#breadcrumb","itemListElement":[{"@type":"ListItem","position":1,"name":"Portada","item":"https:\/\/milei.ufm.edu\/es\/"},{"@type":"ListItem","position":2,"name":"Contribuir"}]},{"@type":"WebSite","@id":"https:\/\/milei.ufm.edu\/es\/#website","url":"https:\/\/milei.ufm.edu\/es\/","name":"UFM Reform Watch","description":"UFM Reform Watch de Milei 2023-2027","potentialAction":[{"@type":"SearchAction","target":{"@type":"EntryPoint","urlTemplate":"https:\/\/milei.ufm.edu\/es\/?s={search_term_string}"},"query-input":"required name=search_term_string"}],"inLanguage":"es"}]}},"meta_box":[],"_links":{"self":[{"href":"https:\/\/milei.ufm.edu\/es\/wp-json\/wp\/v2\/pages\/7884","targetHints":{"allow":["GET"]}}],"collection":[{"href":"https:\/\/milei.ufm.edu\/es\/wp-json\/wp\/v2\/pages"}],"about":[{"href":"https:\/\/milei.ufm.edu\/es\/wp-json\/wp\/v2\/types\/page"}],"author":[{"embeddable":true,"href":"https:\/\/milei.ufm.edu\/es\/wp-json\/wp\/v2\/users\/2"}],"replies":[{"embeddable":true,"href":"https:\/\/milei.ufm.edu\/es\/wp-json\/wp\/v2\/comments?post=7884"}],"version-history":[{"count":9,"href":"https:\/\/milei.ufm.edu\/es\/wp-json\/wp\/v2\/pages\/7884\/revisions"}],"predecessor-version":[{"id":8080,"href":"https:\/\/milei.ufm.edu\/es\/wp-json\/wp\/v2\/pages\/7884\/revisions\/8080"}],"wp:attachment":[{"href":"https:\/\/milei.ufm.edu\/es\/wp-json\/wp\/v2\/media?parent=7884"}],"curies":[{"name":"wp","href":"https:\/\/api.w.org\/{rel}","templated":true}]}}