{"id":8083,"date":"2024-03-15T16:02:48","date_gmt":"2024-03-15T16:02:48","guid":{"rendered":"https:\/\/milei.ufm.edu\/es\/?page_id=8083"},"modified":"2024-09-20T03:33:53","modified_gmt":"2024-09-20T03:33:53","slug":"monitor-macroeconomico","status":"publish","type":"page","link":"https:\/\/milei.ufm.edu\/es\/monitor-macroeconomico\/","title":{"rendered":"Monitor de actividad econ\u00f3mica"},"content":{"rendered":"\n<h1>\n\t\tMonitor de actividad econ\u00f3mica\n\t<\/h1>\n\t<p>UFM Reform Watch monitorea los datos m\u00e1s actuales de los resultados (macro)econ\u00f3micos de las pol\u00edticas p\u00fablicas del presidente Javier Milei en Argentina. Abajo encuentra cada uno de los indicadores con breve descripci\u00f3n.<\/p>\n\t<style>\n@media screen and (max-width: 980px) {\n    .a2a_floating_style.a2a_vertical_style { display: none !important; }\n}\n<\/style>\n    <a title=\"Compartir en Facebook\"><\/a>\n    <a title=\"Compartir en X\"><\/a>\n    <a title=\"Compartir por WhatsApp\"><\/a>\n    <a title=\"Compartir en LinkedIn\"><\/a>\n     <a title=\"Compartir en Telegram\"><\/a>\n<h2>\n\t\tI. Indicadores de producci\u00f3n\n\t<\/h2>\n\t<p><iframe title=\"Crecimiento del producto interno bruto (PIB) de Argentina\" aria-label=\"Interactive line chart\" id=\"datawrapper-chart-nxTYa\" src=\"https:\/\/datawrapper.dwcdn.net\/nxTYa\/7\/\" scrolling=\"no\" frameborder=\"0\" height=\"470\" data-external=\"1\"><\/iframe><\/p>\n\t<h1>El reto del crecimiento &#8230;<\/h1>\n<p>El gobierno de Milei tiene como principal desaf\u00edo reactivar la econom\u00eda de Argentina y reducir la inflaci\u00f3n (<strong><a href=\"\/es\/monitor-monetario\">ir al monitor monetario<\/a><\/strong>).\u00a0La producci\u00f3n agregada del pa\u00eds se ha mostrado estancada en la \u00faltima d\u00e9cada, con un crecimiento virtualmente nulo, que ha redundado en una ca\u00edda del PIB per c\u00e1pita.<\/p>\n<p>Parte del programa de estabilizaci\u00f3n implica un sinceramiento de precios regulados (d\u00f3lar, combustibles, medicina privada, alimentos y bebidas espec\u00edficas, tarifas de energ\u00eda, agua y transporte), todo lo cual tiene un impacto negativo de corto plazo en la demanda y en la producci\u00f3n.<\/p>\n<p>Al mismo tiempo, se espera un rebote de la actividad, en la medida que el costo de la estabilizaci\u00f3n \u00abse paga\u00bb, que los <em>drivers<\/em> para la inversi\u00f3n privada comienzan a aparecer, y \u00e9sta comienza a empujar la producci\u00f3n.<\/p>\n\t<p><strong>Producto interno bruto (PIB)<\/strong><\/p>\n<p>El PIB (o PBI) mide la producci\u00f3n (en t\u00e9rminos de valor a\u00f1adido) en el territorio argentino. A la tasa de cambio la llamamos coloquialmente \u00abcrecimiento econ\u00f3mico\u00bb. Desafortunadamente, la publicaci\u00f3n de los datos del PIB tiene un atraso considerable y, por lo mismo, no es muy informativo de c\u00f3mo se encuentra la actividad econ\u00f3mica en este mismo momento.<\/p>\n<h4>Tasa de crecimiento interanual<\/h4>\n<p>La tasa de crecimiento interanual es el crecimiento de los \u00faltimos 12 meses.<\/p>\n<h4>Tasa de crecimiento trimestral<\/h4>\n<p>La tasa de crecimiento trimestal es el crecimiento del \u00faltimo trimestre al actual trimestre, es decir, de los \u00faltimos 3 meses.<\/p>\n<p>&nbsp;<\/p>\n\t<p><iframe title=\"Crecimiento econ\u00f3mico trimestral de Argentina\" aria-label=\"Column Chart\" id=\"datawrapper-chart-PQpK1\" src=\"https:\/\/datawrapper.dwcdn.net\/PQpK1\/5\/\" scrolling=\"no\" frameborder=\"0\" height=\"509\" data-external=\"1\"><\/iframe><\/p>\n\t<p><iframe title=\"Crecimiento econ\u00f3mico de Argentina por sector\" aria-label=\"Gr\u00e1fico de barras\" id=\"datawrapper-chart-EQA02\" src=\"https:\/\/datawrapper.dwcdn.net\/EQA02\/12\/\" scrolling=\"no\" frameborder=\"0\" height=\"516\" data-external=\"1\"><\/iframe><\/p>\n\t<p><strong>Crecimiento econ\u00f3mico (PIB) por sector<\/strong><\/p>\n<p>Si analizamos el crecimiento del PIB por sector econ\u00f3mico, vemos como la agricultura brilla con especial fuerza. Esto es debido a la recuperaci\u00f3n de la cosecha en este a\u00f1o despu\u00e9s de la sequ\u00eda del a\u00f1o 2023. Esto sin duda, est\u00e1 ayudando a que los datos de PIB repunten o no caigan con tanta fuerza.<\/p>\n<p>Por el lado de las ca\u00eddas, encontramos a los sectores t\u00edpicamente m\u00e1s afectados en recesiones, construcci\u00f3n, industria y finanzas.<\/p>\n\t<p><strong>\u00cdndice de producci\u00f3n industrial (IPI) manufacturera<\/strong><\/p>\n<p>El \u00cdndice de Producci\u00f3n Industrial manufacturera (IPI) para Argentina mide la actividad econ\u00f3mica registrada en el sector industrial y manufacturero del pa\u00eds.<\/p>\n<p>Es probablemente el indicador de actividad econ\u00f3mica adelantado que mejor correlaciona con otros indicadores de actividad econ\u00f3mica m\u00e1s amplios como el PIB.<\/p>\n<p>Los datos del PIB llegan muy tarde mientras que los del IPI son de alta cadencia (mensual) y se publican con poco m\u00e1s de un mes de retraso (vs casi 3 meses en el caso del PIB).<\/p>\n\t<p><iframe title=\"\u00cdndice de producci\u00f3n industrial (IPI) de Argentina\" aria-label=\"Interactive line chart\" id=\"datawrapper-chart-Hp7mu\" src=\"https:\/\/datawrapper.dwcdn.net\/Hp7mu\/9\/\" scrolling=\"no\" frameborder=\"0\" height=\"467\" data-external=\"1\"><\/iframe><\/p>\n\t<p><iframe title=\"Estimaci\u00f3n Mensual de Actividad Econ\u00f3mica (EMAE)\" aria-label=\"Interactive line chart\" id=\"datawrapper-chart-d7YqS\" src=\"https:\/\/datawrapper.dwcdn.net\/d7YqS\/9\/\" scrolling=\"no\" frameborder=\"0\" height=\"482\" data-external=\"1\"><\/iframe><\/p>\n\t<p><strong>Estimaci\u00f3n Mensual de Actividad Econ\u00f3mica (EMAE)<\/strong><\/p>\n<p>La Estimaci\u00f3n Mensual de Actividad Econ\u00f3mica (EMAE) es un indicador adelantado de actividad econ\u00f3mica m\u00e1s extenso que el IPI, ya que incluye m\u00e1s sectores econ\u00f3micos.<\/p>\n<p>Su desventaja es que tarda algo m\u00e1s en ser publicado, por lo que nos da una informaci\u00f3n m\u00e1s completa que el IPI, pero algo menos relevante para la toma de decisiones y para el seguimiento de la actividad econ\u00f3mica de Argentina.<\/p>\n\t<p><strong>Utilizaci\u00f3n de la capacidad instalada<\/strong><\/p>\n<p>La utilizaci\u00f3n de la capacidad instalada nos indica el grado en el que la capacidad de producci\u00f3n de la econom\u00eda funciona.<\/p>\n<p>Una econom\u00eda en recesi\u00f3n t\u00edpicamente ve caer el grado de utilizaci\u00f3n de la capacidad instalada (como situaci\u00f3n anterior al ajuste microecon\u00f3mico de la capacidad productiva).<\/p>\n<p>Una econom\u00eda en expansi\u00f3n t\u00edpicamente ve incrementar el grado de utilizaci\u00f3n de la capacidad instalada (y tambi\u00e9n su crecimiento mediante nueva acumulaci\u00f3n de inversi\u00f3n en bienes de capital).<\/p>\n\t<p><iframe title=\"Utilizaci\u00f3n de la capacidad productiva en Argentina\" aria-label=\"Interactive line chart\" id=\"datawrapper-chart-VlkMR\" src=\"https:\/\/datawrapper.dwcdn.net\/VlkMR\/5\/\" scrolling=\"no\" frameborder=\"0\" height=\"469\" data-external=\"1\"><\/iframe><\/p>\n\t<p><iframe title=\"Volumen de exportaciones de Argentina\" aria-label=\"Interactive line chart\" id=\"datawrapper-chart-tNMSX\" src=\"https:\/\/datawrapper.dwcdn.net\/tNMSX\/7\/\" scrolling=\"no\" frameborder=\"0\" height=\"469\" data-external=\"1\"><\/iframe><\/p>\n\t<h3>Volumen de exportaciones<\/h3>\n<p>El volumen de exportaciones es otro indicador de actividad econ\u00f3mica que persigue la evoluci\u00f3n de aquellas actividades econ\u00f3micas destinadas a suplir de bienes y servicios a los mercados internacionales.<\/p>\n<p>El indicador excluye el efecto precio de las exportaciones para dar una imagen m\u00e1s fidedigna de la marcha de la econom\u00eda real. Un sector exportador fuerte suele correlacionar bien con incrementos en la actividad econ\u00f3mica general del pa\u00eds.<\/p>\n\t<p><strong>Volumen de importaciones de bienes de capital<\/strong><\/p>\n<p>El volumen de importaciones de bienes de capital es un indicador adelantado de actividad econ\u00f3mica que nos informa del incremento en la capacidad productiva futura de la econom\u00eda.<\/p>\n<p>Un incremento en los bienes de capital bien invertidos en una econom\u00eda es una de las recetas exitosas del crecimiento econ\u00f3mico futuro.<\/p>\n\t<p><iframe title=\"Volumen de importaci\u00f3n de bienes capital en Argentina\" aria-label=\"Interactive line chart\" id=\"datawrapper-chart-uIEqi\" src=\"https:\/\/datawrapper.dwcdn.net\/uIEqi\/6\/\" scrolling=\"no\" frameborder=\"0\" height=\"484\" data-external=\"1\"><\/iframe><\/p>\n\t<p><strong>Saldo comercial<\/strong><\/p>\n<p>El saldo comercial es, en la mayor\u00eda de los pa\u00edses, la partida cuantitativamente m\u00e1s importante de la <strong>balanza de pagos<\/strong>.<\/p>\n<p>El saldo comercial es el valor de las exportaciones menos (-) el valor de las importaciones. Cuando el saldo es positivo, ingresan m\u00e1s divisas por exportaciones de las que salen para pagar por las importaciones.<\/p>\n<p>As\u00ed, un saldo comercial positivo usualmente genera una capacidad de financiamiento de la econom\u00eda nacional al exterior (o permite repagar las deudas contra\u00eddas por d\u00e9ficits anteriores). En otras palabras, acumular super\u00e1vits en la balanza comercial habitualmente mejora la posici\u00f3n financiera internacional de un pa\u00eds.<\/p>\n\t<p><iframe title=\"Saldo comercial acumulado de Argentina\" aria-label=\"Interactive line chart\" id=\"datawrapper-chart-SM1XX\" src=\"https:\/\/datawrapper.dwcdn.net\/SM1XX\/7\/\" scrolling=\"no\" frameborder=\"0\" height=\"468\" data-external=\"1\"><\/iframe><\/p>\n\t<p><iframe title=\"Actividad del sector de construcci\u00f3n en Argentina (ISAC)\" aria-label=\"Interactive line chart\" id=\"datawrapper-chart-E5drJ\" src=\"https:\/\/datawrapper.dwcdn.net\/E5drJ\/11\/\" scrolling=\"no\" frameborder=\"0\" height=\"482\" data-external=\"1\"><\/iframe><\/p>\n\t<p><strong>Indicador sint\u00e9tico de la actividad de la construcci\u00f3n (ISAC)<\/strong><\/p>\n<p>El indicador sint\u00e9tico de la actividad de la construcci\u00f3n (ISAC) nos informa sobre la marcha de la actividad del sector de la construcci\u00f3n y sectores vinculados a ella.<\/p>\n<p>La construcci\u00f3n es una industria proc\u00edclica, que usualmente se expande m\u00e1s que la econom\u00eda en periodos expansivos y que se contrae m\u00e1s que el resto de la econom\u00eda en periodos recesivos.<\/p>\n<p>La actividad de la construcci\u00f3n est\u00e1 muy influenciada por las obras del Estado, por lo que se hace necesario desagregar este indicador en sector privado y sector p\u00fablico (ver siguiente indicador).<\/p>\n<h2>\n\t\tII. Indicadores adelantados\u00a0de\u00a0actividad\n\t<\/h2>\n\t<p><strong>Despacho de cemento<\/strong><\/p>\n<p>El despacho de cemento es un indicador adelantado de la actividad de la construcci\u00f3n.<\/p>\n<p>La construcci\u00f3n, a su vez, es uno de los sectores econ\u00f3micos m\u00e1s proc\u00edclicos que existen.<\/p>\n<p>Por tanto, el despacho de cemento es uno de los term\u00f3metros clave a la hora de saber si una econom\u00eda podr\u00eda estar entrando\/saliendo de una recesi\u00f3n.<\/p>\n\t<p><iframe title=\"Despacho mensual de cemento de Argentina\" aria-label=\"Interactive line chart\" id=\"datawrapper-chart-Q7cU0\" src=\"https:\/\/datawrapper.dwcdn.net\/Q7cU0\/7\/\" scrolling=\"no\" frameborder=\"0\" height=\"454\" data-external=\"1\"><\/iframe><\/p>\n\t<p><iframe title=\"Carga ferroviaria en Argentina\" aria-label=\"Interactive line chart\" id=\"datawrapper-chart-rogvK\" src=\"https:\/\/datawrapper.dwcdn.net\/rogvK\/5\/\" scrolling=\"no\" frameborder=\"0\" height=\"468\" data-external=\"1\"><\/iframe><\/p>\n\t<p><strong>Carga ferroviaria<\/strong><\/p>\n<p>El movimiento de bienes es un indicador adelantado amplio de la actividad econ\u00f3mica. La carga transportada por ferrocarril puede ser considerada como un <em>proxy<\/em> de demanda de bienes intermedios en una multiplicidad de sectores, desde el agr\u00edcola hasta el industrial o el comercial.<\/p>\n<p>Por tanto, el incremento (ca\u00edda) en el volumen de carga transportada anticipa de manera fidedigna la actividad econ\u00f3mica en el futuro cercano.<\/p>\n\t<p><strong>Cr\u00e9dito al sector privado<\/strong><\/p>\n<p>Uno de los mejores indicadores adelantados de actividad econ\u00f3mica es la variaci\u00f3n en la cantidad de cr\u00e9dito, especialmente si el cr\u00e9dito es extendido con motivos productivos.<\/p>\n\t<p><iframe title=\"Prestamos bancarios al sector privado en pesos  Argentina (2022-2024)\" aria-label=\"Interactive line chart\" id=\"datawrapper-chart-5MCJn\" src=\"https:\/\/datawrapper.dwcdn.net\/5MCJn\/5\/\" scrolling=\"no\" frameborder=\"0\" height=\"513\" data-external=\"1\"><\/iframe><\/p>\n\t<p><iframe title=\"Prestamos bancarios al sector privado en d\u00f3lares  Argentina (2022-2024)\" aria-label=\"Interactive line chart\" id=\"datawrapper-chart-MpS9f\" src=\"https:\/\/datawrapper.dwcdn.net\/MpS9f\/2\/\" scrolling=\"no\" frameborder=\"0\" height=\"507\" data-external=\"1\"><\/iframe><\/p>\n\t<p><strong>Cr\u00e9dito al sector privado (en d\u00f3lares)<\/strong><\/p>\n<p>Uno de los mejores indicadores adelantados de actividad econ\u00f3mica es la variaci\u00f3n en la cantidad de cr\u00e9dito, especialmente si el cr\u00e9dito es extendido con motivos productivos.<\/p>\n<h2>\n\t\tIII. Expectativas\n\t<\/h2>\n\t<p><strong>Expectativas del sector de la construcci\u00f3n<\/strong><\/p>\n<p>Las expectativas del sector de la construcci\u00f3n (ISAC) es una encuesta realizada a las empresas del sector.<\/p>\n<p>Este indicador nos da informaci\u00f3n sobre si las mismas empresas esperan incremento, mantenimiento o ca\u00edda en las obras p\u00fablicas y obras privadas que llevan a cabo.<\/p>\n\t<p><iframe title=\"Expectativa actividad en el sector construcci\u00f3n en Argentina\" aria-label=\"Multiple Lines\" id=\"datawrapper-chart-QMUIm\" src=\"https:\/\/datawrapper.dwcdn.net\/QMUIm\/6\/\" scrolling=\"no\" frameborder=\"0\" height=\"622\" data-external=\"1\"><\/iframe><\/p>\n\t<p><strong>Expectativas del sector industrial<\/strong><\/p>\n<p>De forma an\u00e1loga al anterior indicador, las expectativas del sector industrial construcci\u00f3n (ISAC) es una encuesta realizada a las empresas del sector.<\/p>\n<p>Este indicador nos da informaci\u00f3n sobre si las mismas empresas esperan incremento, mantenimiento o ca\u00edda en la demanda de sus productos, desagregada por demanda interna y por demanda para la exportaci\u00f3n.<\/p>\n\t<p><iframe title=\"Expectativa actividad en el sector industrial en Argentina\" aria-label=\"Multiple Lines\" id=\"datawrapper-chart-zi036\" src=\"https:\/\/datawrapper.dwcdn.net\/zi036\/6\/\" scrolling=\"no\" frameborder=\"0\" height=\"622\" data-external=\"1\"><\/iframe><\/p>\n\n","protected":false},"excerpt":{"rendered":"<p>&hellip;<\/p>\n","protected":false},"author":2,"featured_media":0,"parent":0,"menu_order":0,"comment_status":"closed","ping_status":"closed","template":"","meta":{"footnotes":""},"class_list":["post-8083","page","type-page","status-publish","hentry"],"yoast_head":"<!-- This site is optimized with the Yoast SEO plugin v22.1 - https:\/\/yoast.com\/wordpress\/plugins\/seo\/ -->\n<title>Monitor de actividad econ\u00f3mica de Milei | UFM Reform Watch<\/title>\n<meta name=\"description\" content=\"UFM Reform Watch monitorea los datos de los resultados (macro)econ\u00f3micos de las pol\u00edticas del presidente Javier Milei en Argentina. Consulta los datos aqu\u00ed.\" \/>\n<meta name=\"robots\" content=\"index, follow, max-snippet:-1, max-image-preview:large, max-video-preview:-1\" \/>\n<link rel=\"canonical\" href=\"https:\/\/milei.ufm.edu\/es\/monitor-macroeconomico\/\" \/>\n<meta property=\"og:locale\" content=\"es_ES\" \/>\n<meta property=\"og:type\" content=\"article\" \/>\n<meta property=\"og:title\" content=\"Monitor macroecon\u00f3mico de Milei | UFM Reform Watch\" \/>\n<meta property=\"og:description\" content=\"UFM Reform Watch monitorea los datos m\u00e1s actuales de los resultados (macro)econ\u00f3micos de las pol\u00edticas del presidente Javier Milei en Argentina. Consulta los datos.\" \/>\n<meta property=\"og:url\" content=\"https:\/\/milei.ufm.edu\/es\/monitor-macroeconomico\/\" \/>\n<meta property=\"og:site_name\" content=\"UFM Reform Watch\" \/>\n<meta property=\"article:modified_time\" content=\"2024-09-20T03:33:53+00:00\" \/>\n<meta property=\"og:image\" content=\"https:\/\/milei.ufm.edu\/es\/wp-content\/uploads\/2024\/06\/monitor-macro.png\" \/>\n\t<meta property=\"og:image:width\" content=\"1200\" \/>\n\t<meta property=\"og:image:height\" content=\"627\" \/>\n\t<meta property=\"og:image:type\" content=\"image\/png\" \/>\n<meta name=\"twitter:card\" content=\"summary_large_image\" \/>\n<meta name=\"twitter:description\" content=\"UFM Reform Watch monitorea los datos m\u00e1s actuales de los resultados (macro)econ\u00f3micos de las pol\u00edticas del presidente Javier Milei en Argentina. Consulta los datos.\" \/>\n<meta name=\"twitter:image\" content=\"https:\/\/milei.ufm.edu\/es\/wp-content\/uploads\/2024\/06\/monitor-macro.png\" \/>\n<meta name=\"twitter:label1\" content=\"Tiempo de lectura\" \/>\n\t<meta name=\"twitter:data1\" content=\"5 minutos\" \/>\n<script type=\"application\/ld+json\" class=\"yoast-schema-graph\">{\"@context\":\"https:\/\/schema.org\",\"@graph\":[{\"@type\":\"WebPage\",\"@id\":\"https:\/\/milei.ufm.edu\/es\/monitor-macroeconomico\/\",\"url\":\"https:\/\/milei.ufm.edu\/es\/monitor-macroeconomico\/\",\"name\":\"Monitor de actividad econ\u00f3mica de Milei | UFM Reform Watch\",\"isPartOf\":{\"@id\":\"https:\/\/milei.ufm.edu\/es\/#website\"},\"datePublished\":\"2024-03-15T16:02:48+00:00\",\"dateModified\":\"2024-09-20T03:33:53+00:00\",\"description\":\"UFM Reform Watch monitorea los datos de los resultados (macro)econ\u00f3micos de las pol\u00edticas del presidente Javier Milei en Argentina. Consulta los datos aqu\u00ed.\",\"breadcrumb\":{\"@id\":\"https:\/\/milei.ufm.edu\/es\/monitor-macroeconomico\/#breadcrumb\"},\"inLanguage\":\"es\",\"potentialAction\":[{\"@type\":\"ReadAction\",\"target\":[\"https:\/\/milei.ufm.edu\/es\/monitor-macroeconomico\/\"]}]},{\"@type\":\"BreadcrumbList\",\"@id\":\"https:\/\/milei.ufm.edu\/es\/monitor-macroeconomico\/#breadcrumb\",\"itemListElement\":[{\"@type\":\"ListItem\",\"position\":1,\"name\":\"Portada\",\"item\":\"https:\/\/milei.ufm.edu\/es\/\"},{\"@type\":\"ListItem\",\"position\":2,\"name\":\"Monitor de actividad econ\u00f3mica\"}]},{\"@type\":\"WebSite\",\"@id\":\"https:\/\/milei.ufm.edu\/es\/#website\",\"url\":\"https:\/\/milei.ufm.edu\/es\/\",\"name\":\"UFM Reform Watch\",\"description\":\"UFM Reform Watch de Milei 2023-2027\",\"potentialAction\":[{\"@type\":\"SearchAction\",\"target\":{\"@type\":\"EntryPoint\",\"urlTemplate\":\"https:\/\/milei.ufm.edu\/es\/?s={search_term_string}\"},\"query-input\":\"required name=search_term_string\"}],\"inLanguage\":\"es\"}]}<\/script>\n<!-- \/ Yoast SEO plugin. -->","yoast_head_json":{"title":"Monitor de actividad econ\u00f3mica de Milei | UFM Reform Watch","description":"UFM Reform Watch monitorea los datos de los resultados (macro)econ\u00f3micos de las pol\u00edticas del presidente Javier Milei en Argentina. Consulta los datos aqu\u00ed.","robots":{"index":"index","follow":"follow","max-snippet":"max-snippet:-1","max-image-preview":"max-image-preview:large","max-video-preview":"max-video-preview:-1"},"canonical":"https:\/\/milei.ufm.edu\/es\/monitor-macroeconomico\/","og_locale":"es_ES","og_type":"article","og_title":"Monitor macroecon\u00f3mico de Milei | UFM Reform Watch","og_description":"UFM Reform Watch monitorea los datos m\u00e1s actuales de los resultados (macro)econ\u00f3micos de las pol\u00edticas del presidente Javier Milei en Argentina. Consulta los datos.","og_url":"https:\/\/milei.ufm.edu\/es\/monitor-macroeconomico\/","og_site_name":"UFM Reform Watch","article_modified_time":"2024-09-20T03:33:53+00:00","og_image":[{"width":1200,"height":627,"url":"https:\/\/milei.ufm.edu\/es\/wp-content\/uploads\/2024\/06\/monitor-macro.png","type":"image\/png"}],"twitter_card":"summary_large_image","twitter_description":"UFM Reform Watch monitorea los datos m\u00e1s actuales de los resultados (macro)econ\u00f3micos de las pol\u00edticas del presidente Javier Milei en Argentina. Consulta los datos.","twitter_image":"https:\/\/milei.ufm.edu\/es\/wp-content\/uploads\/2024\/06\/monitor-macro.png","twitter_misc":{"Tiempo de lectura":"5 minutos"},"schema":{"@context":"https:\/\/schema.org","@graph":[{"@type":"WebPage","@id":"https:\/\/milei.ufm.edu\/es\/monitor-macroeconomico\/","url":"https:\/\/milei.ufm.edu\/es\/monitor-macroeconomico\/","name":"Monitor de actividad econ\u00f3mica de Milei | UFM Reform Watch","isPartOf":{"@id":"https:\/\/milei.ufm.edu\/es\/#website"},"datePublished":"2024-03-15T16:02:48+00:00","dateModified":"2024-09-20T03:33:53+00:00","description":"UFM Reform Watch monitorea los datos de los resultados (macro)econ\u00f3micos de las pol\u00edticas del presidente Javier Milei en Argentina. Consulta los datos aqu\u00ed.","breadcrumb":{"@id":"https:\/\/milei.ufm.edu\/es\/monitor-macroeconomico\/#breadcrumb"},"inLanguage":"es","potentialAction":[{"@type":"ReadAction","target":["https:\/\/milei.ufm.edu\/es\/monitor-macroeconomico\/"]}]},{"@type":"BreadcrumbList","@id":"https:\/\/milei.ufm.edu\/es\/monitor-macroeconomico\/#breadcrumb","itemListElement":[{"@type":"ListItem","position":1,"name":"Portada","item":"https:\/\/milei.ufm.edu\/es\/"},{"@type":"ListItem","position":2,"name":"Monitor de actividad econ\u00f3mica"}]},{"@type":"WebSite","@id":"https:\/\/milei.ufm.edu\/es\/#website","url":"https:\/\/milei.ufm.edu\/es\/","name":"UFM Reform Watch","description":"UFM Reform Watch de Milei 2023-2027","potentialAction":[{"@type":"SearchAction","target":{"@type":"EntryPoint","urlTemplate":"https:\/\/milei.ufm.edu\/es\/?s={search_term_string}"},"query-input":"required name=search_term_string"}],"inLanguage":"es"}]}},"meta_box":[],"_links":{"self":[{"href":"https:\/\/milei.ufm.edu\/es\/wp-json\/wp\/v2\/pages\/8083","targetHints":{"allow":["GET"]}}],"collection":[{"href":"https:\/\/milei.ufm.edu\/es\/wp-json\/wp\/v2\/pages"}],"about":[{"href":"https:\/\/milei.ufm.edu\/es\/wp-json\/wp\/v2\/types\/page"}],"author":[{"embeddable":true,"href":"https:\/\/milei.ufm.edu\/es\/wp-json\/wp\/v2\/users\/2"}],"replies":[{"embeddable":true,"href":"https:\/\/milei.ufm.edu\/es\/wp-json\/wp\/v2\/comments?post=8083"}],"version-history":[{"count":25,"href":"https:\/\/milei.ufm.edu\/es\/wp-json\/wp\/v2\/pages\/8083\/revisions"}],"predecessor-version":[{"id":9246,"href":"https:\/\/milei.ufm.edu\/es\/wp-json\/wp\/v2\/pages\/8083\/revisions\/9246"}],"wp:attachment":[{"href":"https:\/\/milei.ufm.edu\/es\/wp-json\/wp\/v2\/media?parent=8083"}],"curies":[{"name":"wp","href":"https:\/\/api.w.org\/{rel}","templated":true}]}}