{"id":8088,"date":"2024-03-15T18:37:56","date_gmt":"2024-03-15T18:37:56","guid":{"rendered":"https:\/\/milei.ufm.edu\/es\/?page_id=8088"},"modified":"2024-09-17T04:46:37","modified_gmt":"2024-09-17T04:46:37","slug":"monitor-laboral","status":"publish","type":"page","link":"https:\/\/milei.ufm.edu\/es\/monitor-laboral\/","title":{"rendered":"Monitor laboral"},"content":{"rendered":"\n<h1>\n\t\tMonitor laboral\n\t<\/h1>\n\t<p>UFM Reform Watch monitorea los datos m\u00e1s actuales de los resultados para la econom\u00eda del hogar de las pol\u00edticas p\u00fablicas del presidente Javier Milei en Argentina. Abajo encuentra cada uno de los indicadores con breve descripci\u00f3n.<\/p>\n\t<style>\n@media screen and (max-width: 980px) {\n    .a2a_floating_style.a2a_vertical_style { display: none !important; }\n}\n<\/style>\n    <a title=\"Compartir en Facebook\"><\/a>\n    <a title=\"Compartir en X\"><\/a>\n    <a title=\"Compartir por WhatsApp\"><\/a>\n    <a title=\"Compartir en LinkedIn\"><\/a>\n     <a title=\"Compartir en Telegram\"><\/a>\n<h2>\n\t\tI. Indicadores del mercado laboral\n\t<\/h2>\n\t<img decoding=\"async\" src=\"https:\/\/datawrapper.dwcdn.net\/QaPAY\/full.png\" alt=\"\" \/>\n\t<h1>El reto del desempleo &#8230;<\/h1>\n<ul>\n<li>La administraci\u00f3n Milei recibe una tasa de desempleo que se encuentra en niveles m\u00ednimos desde el primer trimestre de 2017. La tasa de desempleo en el tercer trimestre de 2023 fue de 5.7%. A partir de ahora, aparece el temor de que las pol\u00edticas de estabilizaci\u00f3n puedan incrementar este porcentaje.<\/li>\n<li>Si se miran datos de empleo privado, se observa un estancamiento de largo plazo. Entre noviembre de 2013 y noviembre de 2023 se crearon solamente 250.000 puestos de trabajo en el sector privado de la econom\u00eda. El desaf\u00edo del gobierno es generar las condiciones propicias para volver a estimular la contrataci\u00f3n privada.<\/li>\n<li>En el mismo per\u00edodo, la cantidad de nuevos puestos de trabajo aument\u00f3 en 647.000 en el sector p\u00fablico.<\/li>\n<li>Finalmente, el salario real ha mostrado una tendencia marcadamente declinante. Desde diciembre de 2017, el salario promedio de la econom\u00eda cay\u00f3 37% en t\u00e9rminos reales. En el \u00faltimo a\u00f1o solamente, el descenso fue de 18.9%<\/li>\n<\/ul>\n\t<p><strong>Tasa de desempleo<\/strong><\/p>\n<p>La tasa de desempleo en el tercer trimestre del a\u00f1o se ubic\u00f3 en 5,7%. Se trata de un descenso respecto del mismo per\u00edodo del a\u00f1o anterior (7,1%), y del registro m\u00e1s bajo desde que el INDEC volvi\u00f3 a publicar estad\u00edsticas confiables, en el primer trimestre de 2017.<\/p>\n<p><b>Puestos de trabajo (formales)<\/b><\/p>\n<p>La cantidad de puestos de trabajo asalariado en el sector privado y registrado de la econom\u00eda se recuper\u00f3 fuerte despu\u00e9s de la ca\u00edda del a\u00f1o 2020. Desde su m\u00ednimo, se crearon 585.000 nuevos empleos. Sin embargo, al comparar el \u00faltimo dato de 2023 (noviembre), contra el mismo mes de 2013, se observa un crecimiento de apenas 250.000 empleos formales privados, una situaci\u00f3n de estancamiento, relacionada con el poco dinamismo de la actividad econ\u00f3mica.<\/p>\n\t<img decoding=\"async\" src=\"https:\/\/datawrapper.dwcdn.net\/mQ3dF\/full.png\" alt=\"\" \/>\n\t<img decoding=\"async\" src=\"https:\/\/datawrapper.dwcdn.net\/qfoou\/full.png\" alt=\"\" \/>\n\t<h3>Empleo p\u00fablico \/ empleo privado<\/h3>\n<p>En el mismo per\u00edodo de diez a\u00f1os en que el sector privado cre\u00f3 250.000 empleos, al sector p\u00fablico ingresaron a trabajar 647.000 personas, increment\u00e1ndose as\u00ed la ratio de empleo p\u00fablico \/ empleo privado de la econom\u00eda formal.<\/p>\n<p>En agosto de 2021 esta ratio alcanz\u00f3 un m\u00e1ximo de 35,8%, que fue reduci\u00e9ndose hasta el 35,3%, \u00faltimo registro disponible. Se espera que durante el gobierno de Milei esta tendencia se mantenga y profundice, en la medida que crezca m\u00e1s el empleo privado y se reduzcan los empleos del sector p\u00fablico.<\/p>\n\t<p><strong>Salarios reales<\/strong><\/p>\n<p>El poder de compra del salario ha mostrado una evoluci\u00f3n negativa desde 2022 en adelante, aunque, como puede observarse, sufri\u00f3 una baja importante en el \u00faltimo mes de 2023.<\/p>\n<p>Esto se debe a la decisi\u00f3n del gobierno de liberar o sincerar (al menos parcialmente), algunos precios espec\u00edficos de la econom\u00eda (a saber, d\u00f3lar, combustibles, medicina prepaga), lo que gener\u00f3 un salto en la tasa de inflaci\u00f3n no acompa\u00f1ado por el aumento de los salarios.<\/p>\n<p>En el \u00faltimo a\u00f1o, los salarios del sector privado perdieron 14,7% de poder de compra, los del sector p\u00fablico 20.2%, y los del sector informal de la econom\u00eda, 30.9%. En total, el salario real se contrajo 18.9% en 2023.<\/p>\n\t<p><iframe title=\"Salario real en Argentina\" aria-label=\"Interactive line chart\" id=\"datawrapper-chart-35ZnT\" src=\"https:\/\/datawrapper.dwcdn.net\/35ZnT\/8\/\" scrolling=\"no\" frameborder=\"0\" height=\"515\" data-external=\"1\"><\/iframe><\/p>\n\t<p><iframe title=\"Salarios reales en Argentina (2021-2024)\" aria-label=\"Interactive line chart\" id=\"datawrapper-chart-yiFdu\" src=\"https:\/\/datawrapper.dwcdn.net\/yiFdu\/5\/\" scrolling=\"no\" frameborder=\"0\" height=\"488\" data-external=\"1\"><\/iframe><\/p>\n\n","protected":false},"excerpt":{"rendered":"<p>&hellip;<\/p>\n","protected":false},"author":2,"featured_media":0,"parent":0,"menu_order":0,"comment_status":"closed","ping_status":"closed","template":"","meta":{"footnotes":""},"class_list":["post-8088","page","type-page","status-publish","hentry"],"yoast_head":"<!-- This site is optimized with the Yoast SEO plugin v22.1 - https:\/\/yoast.com\/wordpress\/plugins\/seo\/ -->\n<title>Monitor laboral de Milei | UFM Reform Watch<\/title>\n<meta name=\"description\" content=\"UFM Reform Watch monitorea los datos m\u00e1s actuales de los resultados para los salarios reales de las pol\u00edticas p\u00fablicas del presidente Milei en Argentina.\" \/>\n<meta name=\"robots\" content=\"index, follow, max-snippet:-1, max-image-preview:large, max-video-preview:-1\" \/>\n<link rel=\"canonical\" href=\"https:\/\/milei.ufm.edu\/es\/monitor-laboral\/\" \/>\n<meta property=\"og:locale\" content=\"es_ES\" \/>\n<meta property=\"og:type\" content=\"article\" \/>\n<meta property=\"og:title\" content=\"Monitor laboral de Milei | UFM Reform Watch\" \/>\n<meta property=\"og:description\" content=\"UFM Reform Watch monitorea los datos m\u00e1s actuales de los resultados para los salarios reales de las pol\u00edticas p\u00fablicas del presidente Milei en Argentina.\" \/>\n<meta property=\"og:url\" content=\"https:\/\/milei.ufm.edu\/es\/monitor-laboral\/\" \/>\n<meta property=\"og:site_name\" content=\"UFM Reform Watch\" \/>\n<meta property=\"article:modified_time\" content=\"2024-09-17T04:46:37+00:00\" \/>\n<meta property=\"og:image\" content=\"https:\/\/milei.ufm.edu\/es\/wp-content\/uploads\/2024\/06\/monitor-laboral.png\" \/>\n\t<meta property=\"og:image:width\" content=\"1200\" \/>\n\t<meta property=\"og:image:height\" content=\"627\" \/>\n\t<meta property=\"og:image:type\" content=\"image\/png\" \/>\n<meta name=\"twitter:card\" content=\"summary_large_image\" \/>\n<meta name=\"twitter:title\" content=\"Monitor laboral de Milei | UFM Reform Watch\" \/>\n<meta name=\"twitter:description\" content=\"UFM Reform Watch monitorea los datos m\u00e1s actuales de los resultados para los salarios reales de las pol\u00edticas p\u00fablicas del presidente Milei en Argentina.\" \/>\n<meta name=\"twitter:image\" content=\"https:\/\/milei.ufm.edu\/es\/wp-content\/uploads\/2024\/06\/monitor-laboral.png\" \/>\n<meta name=\"twitter:label1\" content=\"Tiempo de lectura\" \/>\n\t<meta name=\"twitter:data1\" content=\"3 minutos\" \/>\n<script type=\"application\/ld+json\" class=\"yoast-schema-graph\">{\"@context\":\"https:\/\/schema.org\",\"@graph\":[{\"@type\":\"WebPage\",\"@id\":\"https:\/\/milei.ufm.edu\/es\/monitor-laboral\/\",\"url\":\"https:\/\/milei.ufm.edu\/es\/monitor-laboral\/\",\"name\":\"Monitor laboral de Milei | UFM Reform Watch\",\"isPartOf\":{\"@id\":\"https:\/\/milei.ufm.edu\/es\/#website\"},\"datePublished\":\"2024-03-15T18:37:56+00:00\",\"dateModified\":\"2024-09-17T04:46:37+00:00\",\"description\":\"UFM Reform Watch monitorea los datos m\u00e1s actuales de los resultados para los salarios reales de las pol\u00edticas p\u00fablicas del presidente Milei en Argentina.\",\"breadcrumb\":{\"@id\":\"https:\/\/milei.ufm.edu\/es\/monitor-laboral\/#breadcrumb\"},\"inLanguage\":\"es\",\"potentialAction\":[{\"@type\":\"ReadAction\",\"target\":[\"https:\/\/milei.ufm.edu\/es\/monitor-laboral\/\"]}]},{\"@type\":\"BreadcrumbList\",\"@id\":\"https:\/\/milei.ufm.edu\/es\/monitor-laboral\/#breadcrumb\",\"itemListElement\":[{\"@type\":\"ListItem\",\"position\":1,\"name\":\"Portada\",\"item\":\"https:\/\/milei.ufm.edu\/es\/\"},{\"@type\":\"ListItem\",\"position\":2,\"name\":\"Monitor laboral\"}]},{\"@type\":\"WebSite\",\"@id\":\"https:\/\/milei.ufm.edu\/es\/#website\",\"url\":\"https:\/\/milei.ufm.edu\/es\/\",\"name\":\"UFM Reform Watch\",\"description\":\"UFM Reform Watch de Milei 2023-2027\",\"potentialAction\":[{\"@type\":\"SearchAction\",\"target\":{\"@type\":\"EntryPoint\",\"urlTemplate\":\"https:\/\/milei.ufm.edu\/es\/?s={search_term_string}\"},\"query-input\":\"required name=search_term_string\"}],\"inLanguage\":\"es\"}]}<\/script>\n<!-- \/ Yoast SEO plugin. -->","yoast_head_json":{"title":"Monitor laboral de Milei | UFM Reform Watch","description":"UFM Reform Watch monitorea los datos m\u00e1s actuales de los resultados para los salarios reales de las pol\u00edticas p\u00fablicas del presidente Milei en Argentina.","robots":{"index":"index","follow":"follow","max-snippet":"max-snippet:-1","max-image-preview":"max-image-preview:large","max-video-preview":"max-video-preview:-1"},"canonical":"https:\/\/milei.ufm.edu\/es\/monitor-laboral\/","og_locale":"es_ES","og_type":"article","og_title":"Monitor laboral de Milei | UFM Reform Watch","og_description":"UFM Reform Watch monitorea los datos m\u00e1s actuales de los resultados para los salarios reales de las pol\u00edticas p\u00fablicas del presidente Milei en Argentina.","og_url":"https:\/\/milei.ufm.edu\/es\/monitor-laboral\/","og_site_name":"UFM Reform Watch","article_modified_time":"2024-09-17T04:46:37+00:00","og_image":[{"width":1200,"height":627,"url":"https:\/\/milei.ufm.edu\/es\/wp-content\/uploads\/2024\/06\/monitor-laboral.png","type":"image\/png"}],"twitter_card":"summary_large_image","twitter_title":"Monitor laboral de Milei | UFM Reform Watch","twitter_description":"UFM Reform Watch monitorea los datos m\u00e1s actuales de los resultados para los salarios reales de las pol\u00edticas p\u00fablicas del presidente Milei en Argentina.","twitter_image":"https:\/\/milei.ufm.edu\/es\/wp-content\/uploads\/2024\/06\/monitor-laboral.png","twitter_misc":{"Tiempo de lectura":"3 minutos"},"schema":{"@context":"https:\/\/schema.org","@graph":[{"@type":"WebPage","@id":"https:\/\/milei.ufm.edu\/es\/monitor-laboral\/","url":"https:\/\/milei.ufm.edu\/es\/monitor-laboral\/","name":"Monitor laboral de Milei | UFM Reform Watch","isPartOf":{"@id":"https:\/\/milei.ufm.edu\/es\/#website"},"datePublished":"2024-03-15T18:37:56+00:00","dateModified":"2024-09-17T04:46:37+00:00","description":"UFM Reform Watch monitorea los datos m\u00e1s actuales de los resultados para los salarios reales de las pol\u00edticas p\u00fablicas del presidente Milei en Argentina.","breadcrumb":{"@id":"https:\/\/milei.ufm.edu\/es\/monitor-laboral\/#breadcrumb"},"inLanguage":"es","potentialAction":[{"@type":"ReadAction","target":["https:\/\/milei.ufm.edu\/es\/monitor-laboral\/"]}]},{"@type":"BreadcrumbList","@id":"https:\/\/milei.ufm.edu\/es\/monitor-laboral\/#breadcrumb","itemListElement":[{"@type":"ListItem","position":1,"name":"Portada","item":"https:\/\/milei.ufm.edu\/es\/"},{"@type":"ListItem","position":2,"name":"Monitor laboral"}]},{"@type":"WebSite","@id":"https:\/\/milei.ufm.edu\/es\/#website","url":"https:\/\/milei.ufm.edu\/es\/","name":"UFM Reform Watch","description":"UFM Reform Watch de Milei 2023-2027","potentialAction":[{"@type":"SearchAction","target":{"@type":"EntryPoint","urlTemplate":"https:\/\/milei.ufm.edu\/es\/?s={search_term_string}"},"query-input":"required name=search_term_string"}],"inLanguage":"es"}]}},"meta_box":[],"_links":{"self":[{"href":"https:\/\/milei.ufm.edu\/es\/wp-json\/wp\/v2\/pages\/8088","targetHints":{"allow":["GET"]}}],"collection":[{"href":"https:\/\/milei.ufm.edu\/es\/wp-json\/wp\/v2\/pages"}],"about":[{"href":"https:\/\/milei.ufm.edu\/es\/wp-json\/wp\/v2\/types\/page"}],"author":[{"embeddable":true,"href":"https:\/\/milei.ufm.edu\/es\/wp-json\/wp\/v2\/users\/2"}],"replies":[{"embeddable":true,"href":"https:\/\/milei.ufm.edu\/es\/wp-json\/wp\/v2\/comments?post=8088"}],"version-history":[{"count":12,"href":"https:\/\/milei.ufm.edu\/es\/wp-json\/wp\/v2\/pages\/8088\/revisions"}],"predecessor-version":[{"id":9233,"href":"https:\/\/milei.ufm.edu\/es\/wp-json\/wp\/v2\/pages\/8088\/revisions\/9233"}],"wp:attachment":[{"href":"https:\/\/milei.ufm.edu\/es\/wp-json\/wp\/v2\/media?parent=8088"}],"curies":[{"name":"wp","href":"https:\/\/api.w.org\/{rel}","templated":true}]}}